{"id":13,"date":"2023-01-17T20:31:40","date_gmt":"2023-01-17T20:31:40","guid":{"rendered":"https:\/\/zazee.hu\/valap\/?page_id=13"},"modified":"2023-01-17T20:31:40","modified_gmt":"2023-01-17T20:31:40","slug":"szinjatszo-talalkozo","status":"publish","type":"page","link":"https:\/\/volgyalapitvany.hu\/?page_id=13","title":{"rendered":"sz\u00ednj\u00e1tsz\u00f3 tal\u00e1lkoz\u00f3"},"content":{"rendered":"\n<p>A b\u00e1zakerettyei Pszichi\u00e1triai Betegek Otthona \u00e9s Rehabilit\u00e1ci\u00f3s Int\u00e9zete &#8211; Pszichi\u00e1triai Betegek Orsz\u00e1gos M\u00f3dszertani Int\u00e9zete \u00e9s az int\u00e9zm\u00e9ny mellett m\u0171k\u00f6d\u0151, a pszichi\u00e1triai betegek ell\u00e1t\u00e1si sz\u00ednvonal\u00e1nak emel\u00e9se \u00e9rdek\u00e9ben l\u00e9trej\u00f6tt V\u00f6lgy Alap\u00edtv\u00e1ny szervez\u00e9s\u00e9ben ker\u00fcl megrendez\u00e9sre 1998-\u00f3ta k\u00e9t\u00e9vente a Pszichi\u00e1triai Betegek Orsz\u00e1gos Sz\u00ednj\u00e1tsz\u00f3 \u00e9s M\u0171v\u00e9szeti Tal\u00e1lkoz\u00f3ja.&nbsp;<\/p>\n\n\n\n<p>A Tal\u00e1lkoz\u00f3 c\u00e9lja, hogy lehet\u0151s\u00e9get teremtsen az orsz\u00e1g bentlak\u00e1sos pszichi\u00e1triai otthonaiban \u00e9l\u0151k sz\u00e1m\u00e1ra a &#8222;m\u0171v\u00e9szi&#8221; megm\u00e9rettet\u00e9sre. K\u00e9t ter\u00fcleten mutatkozhatnak be a lak\u00f3k: a sz\u00ednj\u00e1tsz\u00e1s, \u00e9s a kreat\u00edv alkot\u00f3munka ter\u00e9n.<\/p>\n\n\n\n<p>1.&nbsp;<strong>Sz\u00ednj\u00e1tsz\u00e1s<\/strong>: A fell\u00e9p\u0151 sz\u00ednj\u00e1tsz\u00f3 csoportok feladata egy 20-25 perces sz\u00edndarab el\u0151ad\u00e1sa. A produkci\u00f3kat minden alkalommal \u00f6tf\u0151s szakmai zs\u0171ri \u00e9rt\u00e9keli, akik k\u00f6z\u00f6tt sz\u00ednh\u00e1zi \u00e9s pszichi\u00e1triai szakemberek egyar\u00e1nt jelen vannak.<br>2.&nbsp;<strong>Ki\u00e1ll\u00edt\u00e1s<\/strong>: A festm\u00e9nyeket, grafik\u00e1kat, k\u00e9zimunk\u00e1kat, agyagfigur\u00e1kat, stb. mag\u00e1ban foglal\u00f3 ki\u00e1ll\u00edt\u00e1son azoknak a betegeknek az alkot\u00e1sai l\u00e1that\u00f3k, akik szem\u00e9lyis\u00e9g\u00fckb\u0151l kifoly\u00f3lag a sz\u00ednpadi szerepl\u00e9sre nem v\u00e1llalkoznak, de az \u00e1ltaluk l\u00e9trehozott alkot\u00e1sok megtekint\u00e9se hasznos \u00e9s \u00e9rt\u00e9kes id\u0151t\u00f6lt\u00e9st biztos\u00edt a k\u00f6z\u00f6ns\u00e9gnek az el\u0151ad\u00e1sok sz\u00fcneteiben.&nbsp;<\/p>\n\n\n\n<p>Az akt\u00edv m\u0171v\u00e9szeti tev\u00e9kenys\u00e9g, a siker\u00e9lm\u00e9ny a tart\u00f3s int\u00e9zm\u00e9nyi elhelyez\u00e9s k\u00f6vetkezm\u00e9nyek\u00e9nt kialakult int\u00e9zm\u00e9nyi szindr\u00f3ma ellen is hat\u00e9kony eszk\u00f6znek bizonyul. Jav\u00edtja a kontaktusk\u00e9szs\u00e9get, a betegek k\u00fclvil\u00e1ghoz val\u00f3 viszony\u00e1t.&nbsp;<br>A tal\u00e1lkoz\u00f3 a betegek sz\u00e1m\u00e1ra az \u00f6nkifejez\u00e9s lehet\u0151s\u00e9g\u00e9t k\u00edn\u00e1lja, hiszen az \u00f6nkifejez\u00e9s m\u0171v\u00e9szi form\u00e1i alkalmasak arra, hogy verb\u00e1lisan nem megfogalmazott szubjekt\u00edv, \u00e9rzelmi \u00e1llapotokat jelen\u00edtsenek meg, fejlessz\u00e9k a betegek kreativit\u00e1s\u00e1t, kommunik\u00e1ci\u00f3s k\u00e9szs\u00e9g\u00e9t, siker\u00e9lm\u00e9nyt, \u00f6nbizalmat adjanak. A beteg a sz\u00ednj\u00e1tsz\u00e1s alatt \u00e1t\u00e9l egy \u00f6nmag\u00e1t\u00f3l k\u00fcl\u00f6nb\u00f6z\u0151 szerepet, elvonatkoztat saj\u00e1t szem\u00e9ly\u00e9t\u0151l, \u00faj kommunikat\u00edv k\u00e9szs\u00e9geket saj\u00e1t\u00edt el, a szoci\u00e1lis t\u00e9rben jelentkez\u0151 g\u00e1tl\u00e1sai felold\u00f3dnak.<br>A betegek \u00e1ltal k\u00e9sz\u00edtett m\u0171v\u00e9szeti alkot\u00e1sok nemcsak kimagasl\u00f3 eszt\u00e9tikai \u00e9rz\u00e9kr\u0151l tan\u00faskodnak, hanem kifejez\u00e9sre jutnak benn\u00fck a betegek \u00e9rzelmei, hangulataik spont\u00e1n, szabad megnyilv\u00e1nul\u00e1sai.<\/p>\n\n\n\n<p>A sz\u00ednj\u00e1tsz\u00f3 tal\u00e1lkoz\u00f3 m\u00e1sodlagos c\u00e9lja a t\u00e1rsadalom fel\u00e9 t\u00f6rt\u00e9n\u0151 nyit\u00e1s, a t\u00e1rsadalmi el\u0151\u00edt\u00e9letek cs\u00f6kkent\u00e9se.&nbsp;<\/p>\n\n\n\n<p>A rendezv\u00e9nynek minden alkalommal a zalaegerszegi G\u00f6nczi Ferenc M\u0171vel\u0151d\u00e9si K\u00f6zpont biztos\u00edtott helyet.<\/p>\n\n\n\n<figure class=\"wp-block-gallery has-nested-images columns-default is-cropped wp-block-gallery-1 is-layout-flex wp-block-gallery-is-layout-flex\">\n<figure class=\"wp-block-image size-large\"><img decoding=\"async\" data-id=\"47\" src=\"https:\/\/volgyalapitvany.hu\/wp-content\/uploads\/2023\/01\/pic-10.jpg\" alt=\"\" class=\"wp-image-47\"\/><\/figure>\n\n\n\n<figure class=\"wp-block-image size-large is-style-default\"><img decoding=\"async\" data-id=\"48\" src=\"https:\/\/volgyalapitvany.hu\/wp-content\/uploads\/2023\/01\/pic-09.jpg\" alt=\"\" class=\"wp-image-48\"\/><\/figure>\n\n\n\n<figure class=\"wp-block-image size-large\"><img decoding=\"async\" data-id=\"49\" src=\"https:\/\/zazee.hu\/valap\/wp-content\/uploads\/2023\/01\/pic-08.jpg\" alt=\"\" class=\"wp-image-49\"\/><\/figure>\n\n\n\n<figure class=\"wp-block-image size-large\"><img decoding=\"async\" data-id=\"50\" src=\"https:\/\/volgyalapitvany.hu\/wp-content\/uploads\/2023\/01\/pic-07.jpg\" alt=\"\" class=\"wp-image-50\"\/><\/figure>\n\n\n\n<figure class=\"wp-block-image size-large\"><img decoding=\"async\" data-id=\"51\" src=\"https:\/\/zazee.hu\/valap\/wp-content\/uploads\/2023\/01\/pic-06.jpg\" alt=\"\" class=\"wp-image-51\"\/><\/figure>\n\n\n\n<figure class=\"wp-block-image size-large\"><img decoding=\"async\" data-id=\"52\" src=\"https:\/\/volgyalapitvany.hu\/wp-content\/uploads\/2023\/01\/pic-05.jpg\" alt=\"\" class=\"wp-image-52\"\/><\/figure>\n\n\n\n<figure class=\"wp-block-image size-large\"><img decoding=\"async\" data-id=\"53\" src=\"https:\/\/volgyalapitvany.hu\/wp-content\/uploads\/2023\/01\/pic-04.jpg\" alt=\"\" class=\"wp-image-53\"\/><\/figure>\n\n\n\n<figure class=\"wp-block-image size-large\"><img decoding=\"async\" data-id=\"54\" src=\"https:\/\/zazee.hu\/valap\/wp-content\/uploads\/2023\/01\/pic-03.jpg\" alt=\"\" class=\"wp-image-54\"\/><\/figure>\n\n\n\n<figure class=\"wp-block-image size-large\"><img loading=\"lazy\" decoding=\"async\" width=\"666\" height=\"500\" data-id=\"55\" src=\"https:\/\/volgyalapitvany.hu\/wp-content\/uploads\/2023\/01\/pic-02.jpg\" alt=\"\" class=\"wp-image-55\" srcset=\"https:\/\/volgyalapitvany.hu\/wp-content\/uploads\/2023\/01\/pic-02.jpg 666w, https:\/\/volgyalapitvany.hu\/wp-content\/uploads\/2023\/01\/pic-02-300x225.jpg 300w\" sizes=\"auto, (max-width: 666px) 100vw, 666px\" \/><\/figure>\n\n\n\n<figure class=\"wp-block-image size-large\"><img loading=\"lazy\" decoding=\"async\" width=\"666\" height=\"500\" data-id=\"56\" src=\"https:\/\/volgyalapitvany.hu\/wp-content\/uploads\/2023\/01\/pic-01.jpg\" alt=\"\" class=\"wp-image-56\" srcset=\"https:\/\/volgyalapitvany.hu\/wp-content\/uploads\/2023\/01\/pic-01.jpg 666w, https:\/\/volgyalapitvany.hu\/wp-content\/uploads\/2023\/01\/pic-01-300x225.jpg 300w\" sizes=\"auto, (max-width: 666px) 100vw, 666px\" \/><\/figure>\n<\/figure>\n","protected":false},"excerpt":{"rendered":"<p>A b\u00e1zakerettyei Pszichi\u00e1triai Betegek Otthona \u00e9s Rehabilit\u00e1ci\u00f3s Int\u00e9zete &#8211; Pszichi\u00e1triai Betegek Orsz\u00e1gos M\u00f3dszertani Int\u00e9zete \u00e9s az int\u00e9zm\u00e9ny mellett m\u0171k\u00f6d\u0151, a pszichi\u00e1triai betegek ell\u00e1t\u00e1si sz\u00ednvonal\u00e1nak emel\u00e9se \u00e9rdek\u00e9ben l\u00e9trej\u00f6tt V\u00f6lgy Alap\u00edtv\u00e1ny szervez\u00e9s\u00e9ben ker\u00fcl megrendez\u00e9sre 1998-\u00f3ta k\u00e9t\u00e9vente a Pszichi\u00e1triai Betegek Orsz\u00e1gos Sz\u00ednj\u00e1tsz\u00f3 \u00e9s M\u0171v\u00e9szeti Tal\u00e1lkoz\u00f3ja.&nbsp; A Tal\u00e1lkoz\u00f3 c\u00e9lja, hogy lehet\u0151s\u00e9get teremtsen az orsz\u00e1g bentlak\u00e1sos pszichi\u00e1triai otthonaiban \u00e9l\u0151k sz\u00e1m\u00e1ra [&hellip;]<\/p>\n","protected":false},"author":1,"featured_media":0,"parent":0,"menu_order":0,"comment_status":"closed","ping_status":"closed","template":"","meta":{"footnotes":""},"class_list":["post-13","page","type-page","status-publish","hentry"],"_links":{"self":[{"href":"https:\/\/volgyalapitvany.hu\/index.php?rest_route=\/wp\/v2\/pages\/13","targetHints":{"allow":["GET"]}}],"collection":[{"href":"https:\/\/volgyalapitvany.hu\/index.php?rest_route=\/wp\/v2\/pages"}],"about":[{"href":"https:\/\/volgyalapitvany.hu\/index.php?rest_route=\/wp\/v2\/types\/page"}],"author":[{"embeddable":true,"href":"https:\/\/volgyalapitvany.hu\/index.php?rest_route=\/wp\/v2\/users\/1"}],"replies":[{"embeddable":true,"href":"https:\/\/volgyalapitvany.hu\/index.php?rest_route=%2Fwp%2Fv2%2Fcomments&post=13"}],"version-history":[{"count":0,"href":"https:\/\/volgyalapitvany.hu\/index.php?rest_route=\/wp\/v2\/pages\/13\/revisions"}],"wp:attachment":[{"href":"https:\/\/volgyalapitvany.hu\/index.php?rest_route=%2Fwp%2Fv2%2Fmedia&parent=13"}],"curies":[{"name":"wp","href":"https:\/\/api.w.org\/{rel}","templated":true}]}}