{"id":12,"date":"2023-01-17T20:31:40","date_gmt":"2023-01-17T20:31:40","guid":{"rendered":"https:\/\/zazee.hu\/valap\/?page_id=12"},"modified":"2023-01-17T20:31:40","modified_gmt":"2023-01-17T20:31:40","slug":"tevekenyseg","status":"publish","type":"page","link":"https:\/\/volgyalapitvany.hu\/?page_id=12","title":{"rendered":"tev\u00e9kenys\u00e9g"},"content":{"rendered":"\n<div class=\"wp-block-media-text alignwide is-stacked-on-mobile is-vertically-aligned-top\"><figure class=\"wp-block-media-text__media\"><img decoding=\"async\" src=\"https:\/\/volgyalapitvany.hu\/wp-content\/uploads\/2023\/01\/kozossegi_1-726x1024.jpg\" alt=\"\" class=\"wp-image-38 size-full\"\/><\/figure><div class=\"wp-block-media-text__content\">\n<h2 class=\"wp-block-heading\">K\u00f6z\u00f6ss\u00e9gi ell\u00e1t\u00e1s<\/h2>\n\n\n\n<p>A k\u00f6z\u00f6ss\u00e9gi pszichi\u00e1triai ell\u00e1t\u00e1s keret\u00e9ben ingyenes \u00e9s \u00f6nk\u00e9ntesen ig\u00e9nybe vehet\u0151 szoci\u00e1lis alapszolg\u00e1ltat\u00e1st ny\u00fajtunk a pszich\u00e9s probl\u00e9m\u00e1kkal k\u00fczd\u0151k \u00e9s csal\u00e1djaik sz\u00e1m\u00e1ra.<\/p>\n\n\n\n<p>A pszichotikus betegs\u00e9gek kezel\u00e9se bizony\u00edtottan a saj\u00e1t lak\u00f3k\u00f6rnyezetben a leghat\u00e9konyabb, ez\u00e9rt szolg\u00e1ltat\u00e1sainkat az ig\u00e9nybevev\u0151k otthon\u00e1ban, k\u00f6z\u00f6ss\u00e9gi pszichi\u00e1triai gondoz\u00f3k seg\u00edts\u00e9g\u00e9vel biztos\u00edtjuk. C\u00e9lunk a fel\u00e9p\u00fcl\u00e9s, az \u00f6n\u00e1ll\u00f3 \u00e9letvitel seg\u00edt\u00e9se, a szem\u00e9lyes c\u00e9lok megval\u00f3s\u00edt\u00e1s\u00e1nak t\u00e1mogat\u00e1sa.<\/p>\n\n\n\n<p>Szolg\u00e1ltat\u00e1saink:<br>\u2022 l\u00e1togat\u00e1sok, seg\u00edt\u0151 besz\u00e9lget\u00e9sek;<br>\u2022 t\u00e1j\u00e9koztat\u00e1s, felvil\u00e1gos\u00edt\u00e1s a pszich\u00e9s betegs\u00e9gr\u0151l, annak kezel\u00e9s\u00e9r\u0151l;<br>\u2022 seg\u00edts\u00e9gny\u00fajt\u00e1s az eg\u00e9szs\u00e9g\u00fcgyi ell\u00e1t\u00e1shoz val\u00f3 hozz\u00e1jut\u00e1sban \u00e9s az eg\u00e9szs\u00e9gi \u00e9s pszich\u00e9s \u00e1llapot jav\u00edt\u00e1s\u00e1ban a t\u00fcnetek \u00e9s a gy\u00f3gyszerszed\u00e9s folyamatos k\u00f6vet\u00e9se mellett;<br>\u2022 a szoci\u00e1lis, anyagi helyzet jav\u00edt\u00e1s\u00e1nak t\u00e1mogat\u00e1sa: tan\u00e1csad\u00e1s, inform\u00e1ci\u00f3ny\u00fajt\u00e1s a szoci\u00e1lis ell\u00e1t\u00e1sokr\u00f3l, valamint az azokhoz val\u00f3 hozz\u00e1jut\u00e1s, a sz\u00fcks\u00e9ges \u00fcgyint\u00e9z\u00e9s seg\u00edt\u00e9se;<br>\u2022 tan\u00e1csad\u00e1s, inform\u00e1ci\u00f3ny\u00fajt\u00e1s, valamint az \u00fcgyint\u00e9z\u00e9s seg\u00edt\u00e9se az ell\u00e1t\u00e1st ig\u00e9nybe vev\u0151 gondnoks\u00e1g\u00e1t, jogait, gyermeknevel\u00e9ssel, oktat\u00e1ssal kapcsolatos probl\u00e9m\u00e1it \u00e9rint\u0151\u00fcgyekben;<br>\u2022 a napi tev\u00e9kenys\u00e9g megszervez\u00e9s\u00e9nek, a szabadid\u0151 hasznos elt\u00f6lt\u00e9s\u00e9nek seg\u00edt\u00e9se,<br>\u2022 az \u00f6n\u00e1ll\u00f3 \u00e9letvezet\u00e9s seg\u00edt\u00e9se, \u00e9letvitelre vonatkoz\u00f3 tan\u00e1csad\u00e1s \u00e9s k\u00e9szs\u00e9gfejleszt\u00e9s keret\u00e9ben;<br>\u2022 a munk\u00e1hoz val\u00f3 hozz\u00e1jut\u00e1s, illetve a munkahely megtart\u00e1s\u00e1nak seg\u00edt\u00e9se.<\/p>\n\n\n\n<p><\/p>\n<\/div><\/div>\n\n\n\n<p><\/p>\n\n\n\n<p>A szolg\u00e1ltat\u00e1s l\u00e9nyeges eleme a term\u00e9szetes seg\u00edt\u0151k, a k\u00f6z\u00f6ss\u00e9gi er\u0151forr\u00e1sok mozg\u00f3s\u00edt\u00e1sa, bevon\u00e1sa. Munkat\u00e1rsaink p\u00e1rtfog\u00e1sa mellett, az ell\u00e1tott \u00e1ltal elfogadott \u00e9s egy\u00fcttm\u0171k\u00f6d\u00e9sre hajland\u00f3 hozz\u00e1tartoz\u00f3, bar\u00e1t, szomsz\u00e9d, k\u00f6z\u00f6ss\u00e9gi tag egy\u00fctt tev\u00e9kenykedik az\u00e9rt, hogy a kliens teljes \u00e9letet \u00e9lhessen. Ennek \u00e9rdek\u00e9ben nagy hangs\u00falyt fektet\u00fcnk a fenti seg\u00edt\u0151k t\u00e1mogat\u00e1s\u00e1ra, oktat\u00e1s\u00e1ra is.<\/p>\n\n\n\n<p>Szolg\u00e1ltat\u00e1sunk sor\u00e1n biztos\u00edtjuk a szem\u00e9lyes adatok v\u00e9delm\u00e9t, valamint a mag\u00e1n\u00e9lettel kapcsolatos titokv\u00e9delmet.<\/p>\n\n\n\n<div class=\"wp-block-media-text alignwide has-media-on-the-right is-stacked-on-mobile is-vertically-aligned-top\"><div class=\"wp-block-media-text__content\">\n<p>Az ell\u00e1t\u00e1st azok a szem\u00e9lyek vehetik ig\u00e9nybe, akik<\/p>\n\n\n\n<ul class=\"wp-block-list\">\n<li>rendelkeznek a betegs\u00e9g\u00fcket igazol\u00f3 pszichi\u00e1triai szakv\u00e9lem\u00e9nnyel, amelyet legk\u00e9s\u0151bb a szolg\u00e1ltat\u00e1s megkezd\u00e9s\u00e9t\u0151l sz\u00e1m\u00edtott h\u00e1rom h\u00f3napon bel\u00fcl sz\u00fcks\u00e9ges beszerezni,<\/li>\n\n\n\n<li>az ell\u00e1t\u00e1si ter\u00fcleten \u00e9lnek,<\/li>\n\n\n\n<li>a szolg\u00e1lattal egy\u00fcttm\u0171k\u00f6d\u00e9st v\u00e1llalnak.<\/li>\n<\/ul>\n\n\n\n<p>Az ell\u00e1t\u00e1s ig\u00e9nybe v\u00e9tele az ig\u00e9nyl\u0151, illetve t\u00f6rv\u00e9nyes k\u00e9pvisel\u0151je \u00edr\u00e1sbeli k\u00e9relm\u00e9re t\u00f6rt\u00e9nik, amelyhez &#8211; amennyiben azzal m\u00e1r rendelkezik &#8211; csatolni kell a pszichi\u00e1ter szakorvos, kezel\u0151orvos szakv\u00e9lem\u00e9ny\u00e9t a pszichi\u00e1triai betegs\u00e9g fenn\u00e1ll\u00e1s\u00e1r\u00f3l. Az ell\u00e1t\u00e1s ir\u00e1nti ig\u00e9ny a k\u00f6z\u00f6ss\u00e9gi koordin\u00e1torn\u00e1l, mint a szolg\u00e1lat vezet\u0151j\u00e9n\u00e9l \u00e9s a k\u00f6z\u00f6ss\u00e9gi gondoz\u00f3n\u00e1l szem\u00e9lyesen, \u00edr\u00e1sban, vagy telefonon jelezhet\u0151.&nbsp;<\/p>\n\n\n\n<p>Az ell\u00e1totti jogviszony l\u00e9tes\u00edt\u00e9s\u00e9re \u00edr\u00e1sbeli meg\u00e1llapod\u00e1st k\u00f6t\u00fcnk. A meg\u00e1llapod\u00e1s megk\u00f6t\u00e9se el\u0151tt a koordin\u00e1tor teljes k\u00f6r\u0171 t\u00e1j\u00e9koztat\u00e1st ny\u00fajt az ell\u00e1t\u00e1sr\u00f3l.<br>A meg\u00e1llapod\u00e1s megk\u00f6t\u00e9se ut\u00e1n a kijel\u00f6lt k\u00f6z\u00f6ss\u00e9gi gondoz\u00f3, mint szem\u00e9lyes seg\u00edt\u0151 az ell\u00e1t\u00e1st ig\u00e9nybevev\u0151vel k\u00f6z\u00f6sen meghat\u00e1rozott id\u0151k\u00f6z\u00f6nk\u00e9nt \u00e9s id\u0151tartamban tal\u00e1lkozik. Egy \u00e1tfog\u00f3 \u00e1llapot \u00e9s \u00e9letvitel felm\u00e9r\u00e9s, valamint a szem\u00e9lyes c\u00e9lok felm\u00e9r\u00e9se ut\u00e1n, a sz\u00fcks\u00e9ges seg\u00edt\u0151k (csal\u00e1dtagok, bar\u00e1tok, m\u00e1s szakemberek, szolg\u00e1ltat\u00f3k stb.) bevon\u00e1sa mellett kezdik el a k\u00f6z\u00f6s munk\u00e1t egy-egy el\u00e9rni k\u00edv\u00e1nt c\u00e9l megval\u00f3s\u00edt\u00e1sa \u00e9rdek\u00e9ben. A k\u00f6z\u00f6ss\u00e9gi koordin\u00e1tor feladata, hogy figyelemmel k\u00eds\u00e9rje, ellen\u0151rizze, valamint szakmai \u00e9s szervez\u00e9si t\u00e9ren is seg\u00edtse a teljes gondoz\u00e1si folyamatot.<\/p>\n<\/div><figure class=\"wp-block-media-text__media\"><img decoding=\"async\" src=\"https:\/\/volgyalapitvany.hu\/wp-content\/uploads\/2023\/01\/kozossegi_2-735x1024.jpg\" alt=\"\" class=\"wp-image-39 size-full\"\/><\/figure><\/div>\n\n\n\n<div class=\"wp-block-media-text alignwide is-stacked-on-mobile\"><figure class=\"wp-block-media-text__media\"><\/figure><div class=\"wp-block-media-text__content\">\n<h2 class=\"wp-block-heading\">Nappali ell\u00e1t\u00e1s<\/h2>\n\n\n\n<p>Klubh\u00e1zunk egy \u00f6nk\u00e9ntesen ig\u00e9nybe vehet\u0151 szoci\u00e1lis szolg\u00e1ltat\u00e1s, ahol nyugodt, k\u00f6t\u00f6tts\u00e9gekt\u0151l \u00e9s k\u00e9nyszerekt\u0151l mentes, otthonos l\u00e9gk\u00f6rben v\u00e1rjuk azokat, akik \u00e1tmeneti, vagy tart\u00f3s pszich\u00e9s probl\u00e9m\u00e1kkal k\u00fczdenek. Szabadid\u0151s, kultur\u00e1lis programjainkat pedig b\u00e1rki sz\u00e1m\u00e1ra el\u00e9rhet\u0151 m\u00f3don, nyitott form\u00e1ban k\u00edn\u00e1ljuk.<br>J\u00f6jj\u00f6n el hozz\u00e1nk, ha szeretne emberek k\u00f6z\u00f6tt, t\u00e1rsas\u00e1gban, egy \u00f6sszetart\u00f3 k\u00f6z\u00f6ss\u00e9gben lenni, itt bar\u00e1tokat szerezni. Sz\u00e1m\u00edtunk azokra, akik szakembereinkt\u0151l, vagy a hasonl\u00f3 probl\u00e9m\u00e1kkal k\u00fczd\u0151 klubt\u00e1rsakt\u00f3l seg\u00edts\u00e9get v\u00e1rnak az \u00e9let b\u00e1rmely ter\u00fclet\u00e9n, \u00e9s sz\u00edvesen vessz\u00fck, ha szem\u00e9lyes tapasztalataival, tan\u00e1csaival \u00d6n is seg\u00edteni tud m\u00e1soknak. A tartalmas id\u0151t\u00f6lt\u00e9shez sz\u00ednes programokat k\u00edn\u00e1lunk, amelyekb\u0151l szabadon v\u00e1laszthat, s\u0151t amelyet felhaszn\u00e1l\u00f3k\u00e9nt \u00f6tleteivel alak\u00edthat, illetve r\u00e9szt vehet azok szervez\u00e9sben is.<br>Munkat\u00e1rsaink lehet\u0151s\u00e9get biztos\u00edtanak a szem\u00e9lyes kapcsolatra is seg\u00edt\u0151 besz\u00e9lget\u00e9sek, k\u00f6z\u00f6sen kidolgozott egy\u00e9ni programok form\u00e1j\u00e1ban. A feladatunk, hogy a saj\u00e1t c\u00e9lkit\u0171z\u00e9seinek teljes\u00edt\u00e9s\u00e9ben t\u00e1mogassuk.<br>Szolg\u00e1ltat\u00e1saink:<\/p>\n\n\n\n<ul class=\"wp-block-list\">\n<li>tan\u00e1csad\u00e1s, inform\u00e1ci\u00f3ny\u00fajt\u00e1s az eg\u00e9szs\u00e9g\u00fcgyi, szoci\u00e1lis \u00e9s gyermekv\u00e9delmi ell\u00e1t\u00e1sok, valamint a foglalkoztat\u00e1si, oktat\u00e1si, lakhat\u00e1si lehet\u0151s\u00e9gek ig\u00e9nybev\u00e9tel\u00e9r\u0151l;<\/li>\n\n\n\n<li>t\u00e1rsadalombiztos\u00edt\u00e1si tan\u00e1csad\u00e1s;<\/li>\n\n\n\n<li>hivatalos \u00fcgyek int\u00e9z\u00e9s\u00e9nek seg\u00edt\u00e9se;<\/li>\n\n\n\n<li>tiszt\u00e1lkod\u00e1shoz, ruh\u00e1zat tiszt\u00edt\u00e1s\u00e1hoz sz\u00fcks\u00e9ges felt\u00e9teleket biztos\u00edt\u00e1sa;<\/li>\n\n\n\n<li>\u00fajs\u00e1gok, k\u00f6nyvek, telev\u00edzi\u00f3, filmek, t\u00e1rsasj\u00e1t\u00e9kok, sz\u00e1m\u00edt\u00f3g\u00e9p, illetve internet hozz\u00e1f\u00e9r\u00e9s biztos\u00edt\u00e1sa;<\/li>\n\n\n\n<li>\u00e9letm\u00f3d klub, relax\u00e1ci\u00f3, f\u0151z\u0151klub, bar\u00e1tkeres\u0151 klub, filmklub, sz\u00e1m\u00edt\u00e1stechnika foglalkoz\u00e1s;&nbsp;<\/li>\n\n\n\n<li>m\u0171v\u00e9szetter\u00e1pi\u00e1s foglalkoz\u00e1s, zen\u00e9s foglalkoz\u00e1s, n\u00e9pi kismesters\u00e9gek;<\/li>\n\n\n\n<li>teah\u00e1zi programok, el\u0151ad\u00e1sok, \u00fcnnepi programok;<\/li>\n\n\n\n<li>klubh\u00e1zon k\u00edv\u00fcli programok: kir\u00e1ndul\u00e1s, sz\u00ednh\u00e1z, mozi, ki\u00e1ll\u00edt\u00e1s.<\/li>\n<\/ul>\n\n\n\n<p>Nyitva tart\u00e1s: h\u00e9tf\u0151t\u0151l p\u00e9ntekig a t\u00f6rzsid\u0151 10.00 -16.00 \u00f3ra k\u00f6z\u00f6tt \u00e9s a heti programnak megfelel\u0151en.<br>Az ell\u00e1t\u00e1s ig\u00e9nybe v\u00e9tele az ig\u00e9nyl\u0151, illetve t\u00f6rv\u00e9nyes k\u00e9pvisel\u0151je \u00edr\u00e1sbeli k\u00e9relm\u00e9re t\u00f6rt\u00e9nik, amelyhez csatolni kell a pszichi\u00e1ter szakorvos, kezel\u0151orvos szakv\u00e9lem\u00e9ny\u00e9t a pszichi\u00e1triai betegs\u00e9g fenn\u00e1ll\u00e1s\u00e1r\u00f3l. Az ell\u00e1t\u00e1s ir\u00e1nti ig\u00e9ny az int\u00e9zm\u00e9ny vezet\u0151j\u00e9n\u00e9l szem\u00e9lyesen vagy \u00edr\u00e1sban jelezhet\u0151.&nbsp;<br>Az ell\u00e1totti jogviszony l\u00e9tes\u00edt\u00e9s\u00e9re \u00edr\u00e1sbeli meg\u00e1llapod\u00e1st k\u00f6t\u00fcnk. A meg\u00e1llapod\u00e1s megk\u00f6t\u00e9se el\u0151tt az int\u00e9zm\u00e9ny vezet\u0151je teljes k\u00f6r\u0171 t\u00e1j\u00e9koztat\u00e1st ny\u00fajt az ell\u00e1t\u00e1sr\u00f3l.<\/p>\n<\/div><\/div>\n\n\n\n<div class=\"wp-block-media-text alignwide is-stacked-on-mobile\"><figure class=\"wp-block-media-text__media\"><\/figure><div class=\"wp-block-media-text__content\">\n<p>A V\u00f6lgy Alap\u00edtv\u00e1ny Integr\u00e1lt Szoci\u00e1lis Szolg\u00e1latai &#8211; K\u00f6z\u00f6ss\u00e9gi Pszichi\u00e1triai Szolg\u00e1lat Nagykanizsa a Foglalkoztat\u00e1si \u00e9s Szoci\u00e1lis Hivatal \u00e1ltal ki\u00edrt megh\u00edv\u00e1sos p\u00e1ly\u00e1zaton a 2010. 02. 26 &#8211; 2011. 03. 31. k\u00f6z\u00f6tti id\u0151szakra megb\u00edz\u00e1st nyert a k\u00f6z\u00f6ss\u00e9gi pszichi\u00e1triai ell\u00e1t\u00e1st ny\u00fajt\u00f3 szolg\u00e1ltat\u00f3k referenciaint\u00e9zm\u00e9nyi feladatainak ell\u00e1t\u00e1s\u00e1ra.<br>C\u00e9lunk szakmai seg\u00edts\u00e9gny\u00fajt\u00e1s biztos\u00edt\u00e1sa a k\u00f6z\u00f6ss\u00e9gi pszichi\u00e1triai ell\u00e1t\u00e1st ny\u00fajt\u00f3 szolg\u00e1ltat\u00f3k, illetve fenntart\u00f3ik r\u00e9sz\u00e9re.<\/p>\n\n\n\n<p><strong>Referenciai int\u00e9zm\u00e9nyi feladataink:<\/strong><\/p>\n\n\n\n<ul class=\"wp-block-list\">\n<li>Szakmai napok szervez\u00e9se, ezek keret\u00e9ben egyr\u00e9szt a saj\u00e1t gyakorlat bemutat\u00e1sa, m\u00e1sr\u00e9szt t\u00e1rsel\u0151ad\u00f3k bevon\u00e1s\u00e1val az elt\u00e9r\u0151 szervezeti kult\u00far\u00e1k, szeml\u00e9letek, tud\u00e1sok \u00e9s tapasztalatok k\u00f6lcs\u00f6nhat\u00e1s\u00e1nak biztos\u00edt\u00e1sa. A szakmai napok c\u00e9lja a szolg\u00e1latok jogszab\u00e1lyoknak \u00e9s szakmai elveknek megfelel\u0151, hat\u00e9kony gyakorlati m\u0171k\u00f6d\u00e9s\u00e9nek t\u00e1mogat\u00e1sa.<\/li>\n\n\n\n<li>A szakmai napok mellett elektronikus, telefonos \u00e9s adott esetben szem\u00e9lyes tan\u00e1csad\u00e1s biztos\u00edt\u00e1sa a szolg\u00e1ltat\u00f3k sz\u00e1m\u00e1ra. Konkr\u00e9t probl\u00e9m\u00e1k, m\u0171k\u00f6d\u00e9si neh\u00e9zs\u00e9gek megold\u00e1s\u00e1nak seg\u00edt\u00e9s\u00e9re, a m\u0171k\u00f6d\u00e9s hat\u00e9konys\u00e1g\u00e1nak emel\u00e9sre szakmai javaslatok \u00f6ssze\u00e1ll\u00edt\u00e1sa.<\/li>\n\n\n\n<li>A szolg\u00e1ltat\u00f3k gyakorlati munk\u00e1j\u00e1nak seg\u00edt\u00e9se c\u00e9lj\u00e1b\u00f3l szakmai kiadv\u00e1nyok \u00f6ssze\u00e1ll\u00edt\u00e1sa.<\/li>\n\n\n\n<li>Az FSZH megb\u00edz\u00e1sa alapj\u00e1n a szolg\u00e1ltat\u00e1sok \u00e1ltal k\u00f6telez\u0151en vezetend\u0151 dokumentumok kidolgoz\u00e1sa \u00e9s aktualiz\u00e1l\u00e1sa, a jogszab\u00e1lyv\u00e1ltoz\u00e1sok \u00e1tvezet\u00e9se.<\/li>\n\n\n\n<li>Konkr\u00e9t t\u00e9m\u00e1kban szakmai v\u00e9lem\u00e9nyek \u00f6sszegy\u0171jt\u00e9se, egys\u00e9ges anyagg\u00e1 rendez\u00e9se, javaslatok kidolgoz\u00e1sa \u00e9s az FSZH fel\u00e9 val\u00f3 tov\u00e1bb\u00edt\u00e1sa.<\/li>\n\n\n\n<li>Az FSZH utas\u00edt\u00e1sa alapj\u00e1n a szakmai ir\u00e1nyelvek aktualiz\u00e1l\u00e1sa, ehhez szakmai v\u00e9lem\u00e9nyek egyeztet\u00e9se.<\/li>\n\n\n\n<li>A szakm\u00e1ban m\u0171k\u00f6d\u0151 j\u00f3 gyakorlatok \u00f6sszegy\u0171jt\u00e9se.<\/li>\n\n\n\n<li>Az FSZH felk\u00e9r\u00e9s\u00e9re szakmai anyagok k\u00e9sz\u00edt\u00e9se, szakmai dokumentumok v\u00e9lem\u00e9nyez\u00e9se.<\/li>\n\n\n\n<li>Az FSZH megb\u00edz\u00e1sa alapj\u00e1n k\u00e9pz\u00e9sek, tov\u00e1bbk\u00e9pz\u00e9sek tematik\u00e1j\u00e1nak, szakmai programj\u00e1nak kidolgoz\u00e1sa, esetenk\u00e9nt azok szervez\u00e9se, lebonyol\u00edt\u00e1sa.<\/li>\n\n\n\n<li>Az FSZH szervez\u00e9s\u00e9ben megrendezett konferenci\u00e1kon \u00e9s szakmai napokon val\u00f3 r\u00e9szv\u00e9tel, a programok \u00f6ssze\u00e1ll\u00edt\u00e1s\u00e1ban val\u00f3 k\u00f6zrem\u0171k\u00f6d\u00e9s, esetenk\u00e9nt bemutat\u00f3k, bemutatkoz\u00f3 el\u0151ad\u00e1sok megtart\u00e1sa.<\/li>\n<\/ul>\n\n\n\n<p><strong>Munkat\u00e1rsaink:<\/strong><\/p>\n\n\n\n<p>A feladatokat bels\u0151 \u00e9s k\u00fcls\u0151 szakemberek bevon\u00e1s\u00e1val hajtjuk v\u00e9gre. Kiemelt partner\u00fcnk a budapesti sz\u00e9khely\u0171 Szigony Alap\u00edtv\u00e1ny \u00e9s az Orsz\u00e1gos K\u00f6z\u00f6ss\u00e9gi Ell\u00e1t\u00e1sok Egyes\u00fclete.<\/p>\n\n\n\n<p><strong>El\u00e9rhet\u0151s\u00e9geink:<\/strong><\/p>\n\n\n\n<p>Levelez\u00e9si c\u00edm: 8887 B\u00e1zakerettye, Vir\u00e1g u. 4.<br>Telefon: 93\/ 548 059; 20\/ 320 3434<br>E-mail: volgyalapitvany@pszibo.t-online.hu<br>Kapcsolattart\u00f3: Tolnai-T\u00f3th Melinda, szakmai koordin\u00e1tor<\/p>\n\n\n\n<p><strong>A k\u00f6z\u00f6ss\u00e9gi pszichi\u00e1triai ell\u00e1t\u00e1s ter\u00e9n kialak\u00edtott szolg\u00e1ltat\u00e1si modell jellemz\u0151i:<\/strong><\/p>\n\n\n\n<ul class=\"wp-block-list\">\n<li>egyk\u00f6zpont\u00fa szolg\u00e1ltat\u00e1si strukt\u00fara helyett t\u00f6bbk\u00f6zpont\u00fa feladatell\u00e1t\u00e1s: kett\u0151 f\u0151\u00e1ll\u00e1s\u00fa gondoz\u00f3 helyett jelenleg kilenc megb\u00edz\u00e1sos jogviszonyban foglalkoztatott gondoz\u00f3 alkalmaz\u00e1sa,<\/li>\n\n\n\n<li>egy gondoz\u00f3, maximum hat ell\u00e1tott &#8211; szem\u00e9lyre szabott szolg\u00e1ltat\u00e1si strukt\u00fara,<\/li>\n\n\n\n<li>megfelel\u0151 sz\u00e1m\u00fa l\u00e1togat\u00e1s, kiel\u00e9g\u00edt\u0151 id\u0151tartam\u00fa, min\u0151s\u00e9gi gondoz\u00e1s,<\/li>\n\n\n\n<li>fizikailag, szellemileg \u00e9s \u00e9rzelmileg is probl\u00e9mamentesen teljes\u00edthet\u0151 gondoz\u00e1si feladat, k\u00f6nnyen \u00e1tl\u00e1that\u00f3 \u00e9s szervezhet\u0151 inform\u00e1ci\u00f3s k\u00f6r \u00e9s kapcsolati h\u00e1l\u00f3,<br>hat\u00e9konyan m\u0171k\u00f6d\u0151 \u00e9szlel\u0151 \u00e9s jelz\u0151rendszer,<\/li>\n\n\n\n<li>a t\u00e1vols\u00e1g probl\u00e9m\u00e1j\u00e1nak lek\u00fczd\u00e9se, az ell\u00e1tottak \u00e9s hozz\u00e1tartoz\u00f3ik ig\u00e9nyeihez \u00e9s idej\u00e9hez val\u00f3 alkalmazkod\u00e1s,<\/li>\n\n\n\n<li>az eset\u00e1tad\u00e1sok \u00e9s helyettes\u00edt\u00e9sek sz\u00e9lesebb lehet\u0151s\u00e9ge,<\/li>\n\n\n\n<li>c\u00e9lir\u00e1nyosabb \u00e9s hat\u00e9konyabb feladatell\u00e1t\u00e1s.<\/li>\n<\/ul>\n\n\n\n<p><strong>A referenciaint\u00e9zm\u00e9ny feladataihoz hasonl\u00f3 munk\u00e1ban szerzett kor\u00e1bbi tapasztalat:<\/strong><\/p>\n\n\n\n<p>A Zala Megyei \u00d6nkorm\u00e1nyzat Pszichi\u00e1triai Betegek Otthona \u00e9s Rehabilit\u00e1ci\u00f3s Int\u00e9zete a 2001-2008 k\u00f6z\u00f6tti id\u0151szakban orsz\u00e1gos m\u00f3dszertani int\u00e9zm\u00e9nyk\u00e9nt m\u0171k\u00f6d\u00f6tt a pszichi\u00e1triai betegek ell\u00e1t\u00e1sa ter\u00fclet\u00e9n. Az alap\u00edtv\u00e1ny \u00f6n\u00e1ll\u00f3 szakmai feladatai mellett az int\u00e9zm\u00e9nnyel egy\u00fcttm\u0171k\u00f6d\u00e9sben szakmai, m\u00f3dszertani h\u00e1tt\u00e9rszolg\u00e1ltat\u00e1sokat is biztos\u00edtott. Mivel a munkat\u00e1rsak egy r\u00e9sze mink\u00e9t szervezetben tev\u00e9kenykedik, r\u00e1l\u00e1t\u00e1sunk ny\u00edlt a teljes ell\u00e1t\u00f3rendszerre, annak m\u0171k\u00f6d\u00e9s\u00e9re. A fenti tev\u00e9kenys\u00e9g sor\u00e1n, illetve a k\u00f6z\u00f6ss\u00e9gi pszichi\u00e1triai ell\u00e1t\u00e1sban szerzett tapasztalatainkat k\u00edv\u00e1njuk hasznos\u00edtani a referenciaint\u00e9zm\u00e9nyi munk\u00e1nkban.<\/p>\n<\/div><\/div>\n","protected":false},"excerpt":{"rendered":"<p>K\u00f6z\u00f6ss\u00e9gi ell\u00e1t\u00e1s A k\u00f6z\u00f6ss\u00e9gi pszichi\u00e1triai ell\u00e1t\u00e1s keret\u00e9ben ingyenes \u00e9s \u00f6nk\u00e9ntesen ig\u00e9nybe vehet\u0151 szoci\u00e1lis alapszolg\u00e1ltat\u00e1st ny\u00fajtunk a pszich\u00e9s probl\u00e9m\u00e1kkal k\u00fczd\u0151k \u00e9s csal\u00e1djaik sz\u00e1m\u00e1ra. A pszichotikus betegs\u00e9gek kezel\u00e9se bizony\u00edtottan a saj\u00e1t lak\u00f3k\u00f6rnyezetben a leghat\u00e9konyabb, ez\u00e9rt szolg\u00e1ltat\u00e1sainkat az ig\u00e9nybevev\u0151k otthon\u00e1ban, k\u00f6z\u00f6ss\u00e9gi pszichi\u00e1triai gondoz\u00f3k seg\u00edts\u00e9g\u00e9vel biztos\u00edtjuk. C\u00e9lunk a fel\u00e9p\u00fcl\u00e9s, az \u00f6n\u00e1ll\u00f3 \u00e9letvitel seg\u00edt\u00e9se, a szem\u00e9lyes c\u00e9lok megval\u00f3s\u00edt\u00e1s\u00e1nak t\u00e1mogat\u00e1sa. Szolg\u00e1ltat\u00e1saink:\u2022 [&hellip;]<\/p>\n","protected":false},"author":1,"featured_media":0,"parent":0,"menu_order":0,"comment_status":"closed","ping_status":"closed","template":"","meta":{"footnotes":""},"class_list":["post-12","page","type-page","status-publish","hentry"],"_links":{"self":[{"href":"https:\/\/volgyalapitvany.hu\/index.php?rest_route=\/wp\/v2\/pages\/12","targetHints":{"allow":["GET"]}}],"collection":[{"href":"https:\/\/volgyalapitvany.hu\/index.php?rest_route=\/wp\/v2\/pages"}],"about":[{"href":"https:\/\/volgyalapitvany.hu\/index.php?rest_route=\/wp\/v2\/types\/page"}],"author":[{"embeddable":true,"href":"https:\/\/volgyalapitvany.hu\/index.php?rest_route=\/wp\/v2\/users\/1"}],"replies":[{"embeddable":true,"href":"https:\/\/volgyalapitvany.hu\/index.php?rest_route=%2Fwp%2Fv2%2Fcomments&post=12"}],"version-history":[{"count":0,"href":"https:\/\/volgyalapitvany.hu\/index.php?rest_route=\/wp\/v2\/pages\/12\/revisions"}],"wp:attachment":[{"href":"https:\/\/volgyalapitvany.hu\/index.php?rest_route=%2Fwp%2Fv2%2Fmedia&parent=12"}],"curies":[{"name":"wp","href":"https:\/\/api.w.org\/{rel}","templated":true}]}}